{"id":7,"date":"2025-05-09T15:23:46","date_gmt":"2025-05-09T15:23:46","guid":{"rendered":"https:\/\/athenaismusic.com\/?page_id=7"},"modified":"2026-04-10T15:41:32","modified_gmt":"2026-04-10T13:41:32","slug":"accueil","status":"publish","type":"page","link":"https:\/\/athenaismusic.com\/en\/","title":{"rendered":"Home"},"content":{"rendered":"<div class=\"wp-block-group alignfull is-style-section-1 has-global-padding is-layout-constrained wp-block-group-is-layout-constrained is-style-section-1--1\" style=\"margin-top:0;margin-bottom:0;padding-top:var(--wp--preset--spacing--50);padding-bottom:var(--wp--preset--spacing--50)\">\n<div class=\"wp-block-columns alignwide is-layout-flex wp-container-core-columns-is-layout-7ee84d44 wp-block-columns-is-layout-flex\">\n<div class=\"wp-block-column is-vertically-aligned-center is-layout-flow wp-block-column-is-layout-flow\" style=\"flex-basis:50%\">\n<h2 class=\"wp-block-heading\">About the artist<\/h2>\n\n\n\n<p class=\"has-medium-font-size translation-block\">Ath\u00e9na\u00efs is originally from the Dr\u00f4me, but it was in London that she began writing, composing and performing her own songs at the age of 20, while still a student. A self-taught musician, she learned to play guitar and performed on open stages or <em>open mic nights<\/em> several times a week, even meeting Ed Sheeran before he exploded onto the scene.<\/p>\n\n\n\n<p class=\"has-medium-font-size translation-block\">After six years in England, she moved to Montpellier and played a string of concerts on small local stages, as well as supporting artists such as Jain, Pauline Croze, Keren Ann and Rover. In 2016, she signed with independent label Le Petit Chat Noir and released her debut EP <em>Ciao Ciao<\/em>, followed by her album <em>Artichoke Heart<\/em> in 2017.<\/p>\n\n\n\n<p class=\"has-medium-font-size\">After a long break, Ath\u00e9na\u00efs returned in 2022 with new pop songs, this time told in French. She released three self-produced singles: <em>The Disposable Woman<\/em>, <em>A Broken Heart in Paris<\/em> (in French) and <em>Tell Me Something Bad<\/em> The common thread remains the same: failed love stories. On stage, accompanied by her guitar, she confides in her audience and laughs with them about her adventures, in which she hopes some will recognise themselves.<\/p>\n<\/div>\n\n\n\n<div class=\"wp-block-column is-vertically-aligned-center is-layout-flow wp-block-column-is-layout-flow\" style=\"flex-basis:50%\">\n<figure data-wp-context=\"{&quot;imageId&quot;:&quot;69e1a338c96e5&quot;}\" data-wp-interactive=\"core\/image\" data-wp-key=\"69e1a338c96e5\" class=\"wp-block-image size-full has-custom-border is-style-default wp-lightbox-container\"><img loading=\"lazy\" decoding=\"async\" width=\"2294\" height=\"2295\" data-wp-class--hide=\"state.isContentHidden\" data-wp-class--show=\"state.isContentVisible\" data-wp-init=\"callbacks.setButtonStyles\" data-wp-on--click=\"actions.showLightbox\" data-wp-on--load=\"callbacks.setButtonStyles\" data-wp-on-window--resize=\"callbacks.setButtonStyles\" src=\"https:\/\/athenaismusic.com\/wp-content\/uploads\/2025\/05\/Athenais-format-carre.jpg\" alt=\"\" class=\"wp-image-35\" style=\"border-radius:32px;box-shadow:var(--wp--preset--shadow--shadow-2);aspect-ratio:1;object-fit:cover\" srcset=\"https:\/\/athenaismusic.com\/wp-content\/uploads\/2025\/05\/Athenais-format-carre.jpg 2294w, https:\/\/athenaismusic.com\/wp-content\/uploads\/2025\/05\/Athenais-format-carre-300x300.jpg 300w, https:\/\/athenaismusic.com\/wp-content\/uploads\/2025\/05\/Athenais-format-carre-1024x1024.jpg 1024w, https:\/\/athenaismusic.com\/wp-content\/uploads\/2025\/05\/Athenais-format-carre-150x150.jpg 150w, https:\/\/athenaismusic.com\/wp-content\/uploads\/2025\/05\/Athenais-format-carre-768x768.jpg 768w, https:\/\/athenaismusic.com\/wp-content\/uploads\/2025\/05\/Athenais-format-carre-1536x1536.jpg 1536w, https:\/\/athenaismusic.com\/wp-content\/uploads\/2025\/05\/Athenais-format-carre-2048x2048.jpg 2048w\" sizes=\"auto, (max-width: 2294px) 100vw, 2294px\" \/><button\n\t\t\tclass=\"lightbox-trigger\"\n\t\t\ttype=\"button\"\n\t\t\taria-haspopup=\"dialog\"\n\t\t\taria-label=\"Enlarge\"\n\t\t\tdata-wp-init=\"callbacks.initTriggerButton\"\n\t\t\tdata-wp-on--click=\"actions.showLightbox\"\n\t\t\tdata-wp-style--right=\"state.imageButtonRight\"\n\t\t\tdata-wp-style--top=\"state.imageButtonTop\"\n\t\t>\n\t\t\t<svg xmlns=\"http:\/\/www.w3.org\/2000\/svg\" width=\"12\" height=\"12\" fill=\"none\" viewbox=\"0 0 12 12\">\n\t\t\t\t<path fill=\"#fff\" d=\"M2 0a2 2 0 0 0-2 2v2h1.5V2a.5.5 0 0 1 .5-.5h2V0H2Zm2 10.5H2a.5.5 0 0 1-.5-.5V8H0v2a2 2 0 0 0 2 2h2v-1.5ZM8 12v-1.5h2a.5.5 0 0 0 .5-.5V8H12v2a2 2 0 0 1-2 2H8Zm2-12a2 2 0 0 1 2 2v2h-1.5V2a.5.5 0 0 0-.5-.5H8V0h2Z\" \/>\n\t\t\t<\/svg>\n\t\t<\/button><\/figure>\n<\/div>\n<\/div>\n<\/div>\n\n\n\n<div class=\"wp-block-group alignfull is-style-section-3 has-global-padding is-layout-constrained wp-block-group-is-layout-constrained is-style-section-3--2\" style=\"margin-top:0;margin-bottom:0;padding-top:var(--wp--preset--spacing--60);padding-bottom:var(--wp--preset--spacing--60)\">\n<div class=\"wp-block-group wp-embed-aspect-16-9 wp-has-aspect-ratio is-vertical is-content-justification-center is-layout-flex wp-container-core-group-is-layout-d27d32bc wp-block-group-is-layout-flex\" style=\"margin-top:0;margin-bottom:0;padding-top:0;padding-bottom:0\">\n<h3 class=\"wp-block-heading has-text-align-center has-large-font-size\" style=\"font-style:normal;font-weight:600;letter-spacing:1px;text-transform:uppercase\">Subscribe on your favourite platform<\/h3>\n\n\n\n<div class=\"wp-block-group is-content-justification-center is-layout-flex wp-container-core-group-is-layout-b02886af wp-block-group-is-layout-flex\">\n<p class=\"is-style-text-annotation is-style-text-annotation--3\"><a href=\"https:\/\/www.youtube.com\/@athenaismusic\/\">YouTube<\/a><\/p>\n\n\n\n<p class=\"is-style-text-annotation is-style-text-annotation--4\"><a href=\"https:\/\/open.spotify.com\/artist\/616QL8qyZAQ4uuP8n3NE5y?si=QuYs5beJQniXYPOy6qhdpQ\">Spotify<\/a><\/p>\n\n\n\n<p class=\"is-style-text-annotation is-style-text-annotation--5\"><a href=\"https:\/\/www.instagram.com\/athenaismusic\">Instagram<\/a><\/p>\n\n\n\n<p class=\"is-style-text-annotation is-style-text-annotation--6\"><a href=\"https:\/\/soundcloud.com\/athenaismusic\">Soundcloud<\/a><\/p>\n\n\n\n<p class=\"is-style-text-annotation is-style-text-annotation--7\"><a href=\"https:\/\/www.facebook.com\/athenaismusic\">Facebook<\/a><\/p>\n<\/div>\n<\/div>\n<\/div>\n\n\n\n<div class=\"wp-block-group alignfull is-style-section-2 has-global-padding is-layout-constrained wp-block-group-is-layout-constrained is-style-section-2--8\" style=\"margin-top:0;margin-bottom:0;padding-top:var(--wp--preset--spacing--60);padding-bottom:var(--wp--preset--spacing--60)\">\n<figure class=\"wp-block-embed alignwide is-type-video is-provider-youtube wp-block-embed-youtube wp-embed-aspect-16-9 wp-has-aspect-ratio\"><div class=\"wp-block-embed__wrapper\">\n<iframe loading=\"lazy\" title=\"Ath\u00e9na\u00efs - A Broken Heart in Paris\" width=\"500\" height=\"281\" src=\"https:\/\/www.youtube.com\/embed\/ZsXe1wwpgKM?feature=oembed\" frameborder=\"0\" allow=\"accelerometer; autoplay; clipboard-write; encrypted-media; gyroscope; picture-in-picture; web-share\" referrerpolicy=\"strict-origin-when-cross-origin\" allowfullscreen><\/iframe>\n<\/div><\/figure>\n<\/div>\n\n\n\n<div class=\"wp-block-group alignfull is-style-default has-background has-global-padding is-layout-constrained wp-block-group-is-layout-constrained\" style=\"background-color:#f5e0cb;margin-top:0;margin-bottom:0;padding-top:var(--wp--preset--spacing--80);padding-bottom:var(--wp--preset--spacing--80)\">\n<div class=\"wp-block-columns alignwide is-layout-flex wp-container-core-columns-is-layout-66fad18a wp-block-columns-is-layout-flex\">\n<div class=\"wp-block-column is-layout-flow wp-block-column-is-layout-flow\" style=\"padding-right:var(--wp--preset--spacing--50);flex-basis:45%\">\n<figure data-wp-context=\"{&quot;imageId&quot;:&quot;69e1a338caca6&quot;}\" data-wp-interactive=\"core\/image\" data-wp-key=\"69e1a338caca6\" class=\"wp-block-image size-large has-custom-border wp-lightbox-container\"><img loading=\"lazy\" decoding=\"async\" width=\"1024\" height=\"1024\" data-wp-class--hide=\"state.isContentHidden\" data-wp-class--show=\"state.isContentVisible\" data-wp-init=\"callbacks.setButtonStyles\" data-wp-on--click=\"actions.showLightbox\" data-wp-on--load=\"callbacks.setButtonStyles\" data-wp-on-window--resize=\"callbacks.setButtonStyles\" src=\"https:\/\/athenaismusic.com\/wp-content\/uploads\/2025\/05\/go-f-yourself-live-1024x1024.jpg\" alt=\"\" class=\"wp-image-36\" style=\"border-radius:32px;box-shadow:var(--wp--preset--shadow--shadow-2)\" srcset=\"https:\/\/athenaismusic.com\/wp-content\/uploads\/2025\/05\/go-f-yourself-live-1024x1024.jpg 1024w, https:\/\/athenaismusic.com\/wp-content\/uploads\/2025\/05\/go-f-yourself-live-300x300.jpg 300w, https:\/\/athenaismusic.com\/wp-content\/uploads\/2025\/05\/go-f-yourself-live-150x150.jpg 150w, https:\/\/athenaismusic.com\/wp-content\/uploads\/2025\/05\/go-f-yourself-live-768x768.jpg 768w, https:\/\/athenaismusic.com\/wp-content\/uploads\/2025\/05\/go-f-yourself-live-1536x1536.jpg 1536w, https:\/\/athenaismusic.com\/wp-content\/uploads\/2025\/05\/go-f-yourself-live.jpg 1587w\" sizes=\"auto, (max-width: 1024px) 100vw, 1024px\" \/><button\n\t\t\tclass=\"lightbox-trigger\"\n\t\t\ttype=\"button\"\n\t\t\taria-haspopup=\"dialog\"\n\t\t\taria-label=\"Enlarge\"\n\t\t\tdata-wp-init=\"callbacks.initTriggerButton\"\n\t\t\tdata-wp-on--click=\"actions.showLightbox\"\n\t\t\tdata-wp-style--right=\"state.imageButtonRight\"\n\t\t\tdata-wp-style--top=\"state.imageButtonTop\"\n\t\t>\n\t\t\t<svg xmlns=\"http:\/\/www.w3.org\/2000\/svg\" width=\"12\" height=\"12\" fill=\"none\" viewbox=\"0 0 12 12\">\n\t\t\t\t<path fill=\"#fff\" d=\"M2 0a2 2 0 0 0-2 2v2h1.5V2a.5.5 0 0 1 .5-.5h2V0H2Zm2 10.5H2a.5.5 0 0 1-.5-.5V8H0v2a2 2 0 0 0 2 2h2v-1.5ZM8 12v-1.5h2a.5.5 0 0 0 .5-.5V8H12v2a2 2 0 0 1-2 2H8Zm2-12a2 2 0 0 1 2 2v2h-1.5V2a.5.5 0 0 0-.5-.5H8V0h2Z\" \/>\n\t\t\t<\/svg>\n\t\t<\/button><\/figure>\n<\/div>\n\n\n\n<div class=\"wp-block-column is-vertically-aligned-center has-medium-font-size is-layout-flow wp-block-column-is-layout-flow\" style=\"padding-right:0;padding-left:0;flex-basis:50%\">\n<div class=\"wp-block-group is-vertical is-layout-flex wp-container-core-group-is-layout-fe9cc265 wp-block-group-is-layout-flex\">\n<h2 class=\"wp-block-heading is-style-text-annotation has-x-large-font-size is-style-text-annotation--9\">The show<\/h2>\n<\/div>\n\n\n\n<p class=\"is-style-text-subtitle is-style-text-subtitle--10\" style=\"font-size:clamp(17.371px, 1.086rem + ((1vw - 3.2px) * 0.944), 27px);\">\u00abGo F\u2665\ufe0eck Yourself\u00bb is the title of Ath\u00e9na\u00efs\u2019s new concert-show. On stage, with her folk guitar and her Socotel S63, she recounts a decade of non-love through her songs and telephone conversations.<\/p>\n\n\n\n<p class=\"is-style-text-subtitle is-style-text-subtitle--11\" style=\"font-size:clamp(17.371px, 1.086rem + ((1vw - 3.2px) * 0.944), 27px);\">From <em>love bombing<\/em> at <em>ghosting<\/em>including <em>situationships<\/em>, it depicts a social fresco of the golden age of dating apps with its frankness, its franglais and a bit of self-deprecation.<\/p>\n\n\n\n<p class=\"is-style-text-subtitle is-style-text-subtitle--12\" style=\"font-size:clamp(14px, 0.875rem + ((1vw - 3.2px) * 0.588), 20px);\"><strong>TW: <\/strong><em>This show contains depictions of sexual violence which may upset some audience members.<\/em><\/p>\n<\/div>\n<\/div>\n\n\n\n<figure data-wp-context=\"{&quot;imageId&quot;:&quot;69e1a338cb7da&quot;}\" data-wp-interactive=\"core\/image\" data-wp-key=\"69e1a338cb7da\" class=\"wp-block-image aligncenter size-full has-custom-border is-resized is-style-default wp-lightbox-container\" style=\"margin-right:0;margin-left:0\"><img loading=\"lazy\" decoding=\"async\" width=\"2560\" height=\"1713\" data-wp-class--hide=\"state.isContentHidden\" data-wp-class--show=\"state.isContentVisible\" data-wp-init=\"callbacks.setButtonStyles\" data-wp-on--click=\"actions.showLightbox\" data-wp-on--load=\"callbacks.setButtonStyles\" data-wp-on-window--resize=\"callbacks.setButtonStyles\" src=\"https:\/\/athenaismusic.com\/wp-content\/uploads\/2025\/05\/Photo-Live-Athenais-Par-Arbre-Saldana-scaled.jpg\" alt=\"Ath\u00e9na\u00efs - Live | Photographie par Arbre Saldana\" class=\"wp-image-37\" style=\"border-radius:32px\" srcset=\"https:\/\/athenaismusic.com\/wp-content\/uploads\/2025\/05\/Photo-Live-Athenais-Par-Arbre-Saldana-scaled.jpg 2560w, https:\/\/athenaismusic.com\/wp-content\/uploads\/2025\/05\/Photo-Live-Athenais-Par-Arbre-Saldana-300x201.jpg 300w, https:\/\/athenaismusic.com\/wp-content\/uploads\/2025\/05\/Photo-Live-Athenais-Par-Arbre-Saldana-1024x685.jpg 1024w, https:\/\/athenaismusic.com\/wp-content\/uploads\/2025\/05\/Photo-Live-Athenais-Par-Arbre-Saldana-768x514.jpg 768w, https:\/\/athenaismusic.com\/wp-content\/uploads\/2025\/05\/Photo-Live-Athenais-Par-Arbre-Saldana-1536x1028.jpg 1536w, https:\/\/athenaismusic.com\/wp-content\/uploads\/2025\/05\/Photo-Live-Athenais-Par-Arbre-Saldana-2048x1370.jpg 2048w\" sizes=\"auto, (max-width: 2560px) 100vw, 2560px\" \/><button\n\t\t\tclass=\"lightbox-trigger\"\n\t\t\ttype=\"button\"\n\t\t\taria-haspopup=\"dialog\"\n\t\t\taria-label=\"Enlarge\"\n\t\t\tdata-wp-init=\"callbacks.initTriggerButton\"\n\t\t\tdata-wp-on--click=\"actions.showLightbox\"\n\t\t\tdata-wp-style--right=\"state.imageButtonRight\"\n\t\t\tdata-wp-style--top=\"state.imageButtonTop\"\n\t\t>\n\t\t\t<svg xmlns=\"http:\/\/www.w3.org\/2000\/svg\" width=\"12\" height=\"12\" fill=\"none\" viewbox=\"0 0 12 12\">\n\t\t\t\t<path fill=\"#fff\" d=\"M2 0a2 2 0 0 0-2 2v2h1.5V2a.5.5 0 0 1 .5-.5h2V0H2Zm2 10.5H2a.5.5 0 0 1-.5-.5V8H0v2a2 2 0 0 0 2 2h2v-1.5ZM8 12v-1.5h2a.5.5 0 0 0 .5-.5V8H12v2a2 2 0 0 1-2 2H8Zm2-12a2 2 0 0 1 2 2v2h-1.5V2a.5.5 0 0 0-.5-.5H8V0h2Z\" \/>\n\t\t\t<\/svg>\n\t\t<\/button><figcaption class=\"wp-element-caption\">\u00a9Arbre Saldana<\/figcaption><\/figure>\n<\/div>\n\n\n\n<div class=\"wp-block-group alignfull has-global-padding is-layout-constrained wp-container-core-group-is-layout-ebee8dc1 wp-block-group-is-layout-constrained\" style=\"margin-top:0;margin-bottom:0;padding-top:var(--wp--preset--spacing--50);padding-bottom:var(--wp--preset--spacing--50)\">\n<div class=\"wp-block-group alignwide is-content-justification-space-between is-layout-flex wp-container-core-group-is-layout-9366075c wp-block-group-is-layout-flex\">\n<h2 class=\"wp-block-heading alignwide has-text-align-left is-style-text-subtitle has-x-large-font-size is-style-text-subtitle--13\">Explore the clips<\/h2>\n\n\n\n<p class=\"is-style-text-annotation is-style-text-annotation--14\">Podcast<\/p>\n<\/div>\n\n\n\n<div class=\"wp-block-group alignwide is-layout-grid wp-container-core-group-is-layout-1ce758a5 wp-block-group-is-layout-grid\">\n<figure class=\"wp-block-embed is-type-video is-provider-youtube wp-block-embed-youtube wp-embed-aspect-16-9 wp-has-aspect-ratio\"><div class=\"wp-block-embed__wrapper\">\n<iframe loading=\"lazy\" title=\"Ath\u00e9na\u00efs Tell Me Something Bad (lyrics)\" width=\"500\" height=\"281\" src=\"https:\/\/www.youtube.com\/embed\/w4vNLloRa0E?feature=oembed\" frameborder=\"0\" allow=\"accelerometer; autoplay; clipboard-write; encrypted-media; gyroscope; picture-in-picture; web-share\" referrerpolicy=\"strict-origin-when-cross-origin\" allowfullscreen><\/iframe>\n<\/div><\/figure>\n\n\n\n<figure class=\"wp-block-embed is-type-video is-provider-youtube wp-block-embed-youtube wp-embed-aspect-16-9 wp-has-aspect-ratio\"><div class=\"wp-block-embed__wrapper\">\n<iframe loading=\"lazy\" title=\"Ath\u00e9na\u00efs - A Broken Heart in Paris\" width=\"500\" height=\"281\" src=\"https:\/\/www.youtube.com\/embed\/ZsXe1wwpgKM?feature=oembed\" frameborder=\"0\" allow=\"accelerometer; autoplay; clipboard-write; encrypted-media; gyroscope; picture-in-picture; web-share\" referrerpolicy=\"strict-origin-when-cross-origin\" allowfullscreen><\/iframe>\n<\/div><\/figure>\n\n\n\n<figure class=\"wp-block-embed is-type-video is-provider-youtube wp-block-embed-youtube wp-embed-aspect-16-9 wp-has-aspect-ratio\"><div class=\"wp-block-embed__wrapper\">\n<iframe loading=\"lazy\" title=\"Ath\u00e9na\u00efs - The Disposable Woman\" width=\"500\" height=\"281\" src=\"https:\/\/www.youtube.com\/embed\/1DUwnD9YkSs?feature=oembed\" frameborder=\"0\" allow=\"accelerometer; autoplay; clipboard-write; encrypted-media; gyroscope; picture-in-picture; web-share\" referrerpolicy=\"strict-origin-when-cross-origin\" allowfullscreen><\/iframe>\n<\/div><\/figure>\n\n\n\n<figure class=\"wp-block-embed is-type-video is-provider-youtube wp-block-embed-youtube wp-embed-aspect-16-9 wp-has-aspect-ratio\"><div class=\"wp-block-embed__wrapper\">\n<iframe loading=\"lazy\" title=\"Ath\u00e9na\u00efs - Ciao Ciao (lyrics)\" width=\"500\" height=\"281\" src=\"https:\/\/www.youtube.com\/embed\/VxmH4cTSDCU?feature=oembed\" frameborder=\"0\" allow=\"accelerometer; autoplay; clipboard-write; encrypted-media; gyroscope; picture-in-picture; web-share\" referrerpolicy=\"strict-origin-when-cross-origin\" allowfullscreen><\/iframe>\n<\/div><\/figure>\n\n\n\n<figure class=\"wp-block-embed is-type-video is-provider-youtube wp-block-embed-youtube wp-embed-aspect-16-9 wp-has-aspect-ratio\"><div class=\"wp-block-embed__wrapper\">\n<iframe loading=\"lazy\" title=\"Ath\u00e9na\u00efs - Do You Ever\" width=\"500\" height=\"281\" src=\"https:\/\/www.youtube.com\/embed\/3lc0wFVaPCc?feature=oembed\" frameborder=\"0\" allow=\"accelerometer; autoplay; clipboard-write; encrypted-media; gyroscope; picture-in-picture; web-share\" referrerpolicy=\"strict-origin-when-cross-origin\" allowfullscreen><\/iframe>\n<\/div><\/figure>\n\n\n\n<figure class=\"wp-block-embed is-type-video is-provider-youtube wp-block-embed-youtube wp-embed-aspect-16-9 wp-has-aspect-ratio\"><div class=\"wp-block-embed__wrapper\">\n<iframe loading=\"lazy\" title=\"Ath\u00e9na\u00efs - Little Miss X\" width=\"500\" height=\"281\" src=\"https:\/\/www.youtube.com\/embed\/GKXT5kfexkQ?feature=oembed\" frameborder=\"0\" allow=\"accelerometer; autoplay; clipboard-write; encrypted-media; gyroscope; picture-in-picture; web-share\" referrerpolicy=\"strict-origin-when-cross-origin\" allowfullscreen><\/iframe>\n<\/div><\/figure>\n<\/div>\n<\/div>","protected":false},"excerpt":{"rendered":"<p>\u00c0 propos de l\u2019artiste Ath\u00e9na\u00efs est d\u2019origine dr\u00f4moise mais c\u2019est \u00e0 Londres qu\u2019elle commence \u00e0 \u00e9crire, composer et interpr\u00e9ter ses propres chansons \u00e0 l&rsquo;\u00e2ge de 20 ans, alors qu\u2019elle est \u00e9tudiante. En autodidacte, elle apprend la guitare et se produit sur des sc\u00e8nes ouvertes ou open mic nights plusieurs fois par semaine et rencontre m\u00eame [&hellip;]<\/p>\n","protected":false},"author":1,"featured_media":0,"parent":0,"menu_order":0,"comment_status":"closed","ping_status":"closed","template":"page-no-title","meta":{"footnotes":""},"class_list":["post-7","page","type-page","status-publish","hentry"],"_links":{"self":[{"href":"https:\/\/athenaismusic.com\/en\/wp-json\/wp\/v2\/pages\/7","targetHints":{"allow":["GET"]}}],"collection":[{"href":"https:\/\/athenaismusic.com\/en\/wp-json\/wp\/v2\/pages"}],"about":[{"href":"https:\/\/athenaismusic.com\/en\/wp-json\/wp\/v2\/types\/page"}],"author":[{"embeddable":true,"href":"https:\/\/athenaismusic.com\/en\/wp-json\/wp\/v2\/users\/1"}],"replies":[{"embeddable":true,"href":"https:\/\/athenaismusic.com\/en\/wp-json\/wp\/v2\/comments?post=7"}],"version-history":[{"count":19,"href":"https:\/\/athenaismusic.com\/en\/wp-json\/wp\/v2\/pages\/7\/revisions"}],"predecessor-version":[{"id":86,"href":"https:\/\/athenaismusic.com\/en\/wp-json\/wp\/v2\/pages\/7\/revisions\/86"}],"wp:attachment":[{"href":"https:\/\/athenaismusic.com\/en\/wp-json\/wp\/v2\/media?parent=7"}],"curies":[{"name":"wp","href":"https:\/\/api.w.org\/{rel}","templated":true}]}}